{"id":4298,"date":"2022-08-09T13:45:39","date_gmt":"2022-08-09T13:45:39","guid":{"rendered":"https:\/\/inmoovs.com\/avis-legal\/"},"modified":"2025-12-12T10:58:01","modified_gmt":"2025-12-12T10:58:01","slug":"canal-y-codigo-etico","status":"publish","type":"page","link":"https:\/\/inmoovs.com\/es\/canal-y-codigo-etico\/","title":{"rendered":"Canal y c\u00f3digo \u00e9tico"},"content":{"rendered":"\t\t<div data-elementor-type=\"wp-page\" data-elementor-id=\"4298\" class=\"elementor elementor-4298 elementor-3\" data-elementor-settings=\"{&quot;ha_cmc_init_switcher&quot;:&quot;no&quot;}\" data-elementor-post-type=\"page\">\n\t\t\t\t\t\t<section class=\"has_eae_slider elementor-section elementor-top-section elementor-element elementor-element-17f6911 elementor-section-height-min-height elementor-section-boxed elementor-section-height-default elementor-section-items-middle\" data-eae-slider=\"16512\" data-id=\"17f6911\" data-element_type=\"section\" data-settings=\"{&quot;background_background&quot;:&quot;classic&quot;,&quot;_ha_eqh_enable&quot;:false}\">\n\t\t\t\t\t\t<div class=\"elementor-container elementor-column-gap-default\">\n\t\t\t\t\t<div class=\"has_eae_slider elementor-column elementor-col-100 elementor-top-column elementor-element elementor-element-4894110\" data-eae-slider=\"38824\" data-id=\"4894110\" data-element_type=\"column\">\n\t\t\t<div class=\"elementor-widget-wrap elementor-element-populated\">\n\t\t\t\t\t\t<section class=\"has_eae_slider elementor-section elementor-inner-section elementor-element elementor-element-dcea4a0 elementor-section-boxed elementor-section-height-default elementor-section-height-default\" data-eae-slider=\"87867\" data-id=\"dcea4a0\" data-element_type=\"section\" data-settings=\"{&quot;_ha_eqh_enable&quot;:false}\">\n\t\t\t\t\t\t<div class=\"elementor-container elementor-column-gap-default\">\n\t\t\t\t\t<div class=\"has_eae_slider elementor-column elementor-col-50 elementor-inner-column elementor-element elementor-element-a37fd5d\" data-eae-slider=\"86861\" data-id=\"a37fd5d\" data-element_type=\"column\">\n\t\t\t<div class=\"elementor-widget-wrap elementor-element-populated\">\n\t\t\t\t\t\t<div class=\"elementor-element elementor-element-ffc9190 elementor-widget__width-initial elementor-widget elementor-widget-heading\" data-id=\"ffc9190\" data-element_type=\"widget\" data-widget_type=\"heading.default\">\n\t\t\t\t<div class=\"elementor-widget-container\">\n\t\t\t\t\t<h1 class=\"elementor-heading-title elementor-size-default\">Canal y c\u00f3digo \u00e9tico<\/h1>\t\t\t\t<\/div>\n\t\t\t\t<\/div>\n\t\t\t\t\t<\/div>\n\t\t<\/div>\n\t\t\t\t<div class=\"has_eae_slider elementor-column elementor-col-50 elementor-inner-column elementor-element elementor-element-6c29026 elementor-hidden-mobile\" data-eae-slider=\"87700\" data-id=\"6c29026\" data-element_type=\"column\">\n\t\t\t<div class=\"elementor-widget-wrap\">\n\t\t\t\t\t\t\t<\/div>\n\t\t<\/div>\n\t\t\t\t\t<\/div>\n\t\t<\/section>\n\t\t\t\t\t<\/div>\n\t\t<\/div>\n\t\t\t\t\t<\/div>\n\t\t<\/section>\n\t\t\t\t<section class=\"has_eae_slider elementor-section elementor-top-section elementor-element elementor-element-0dfde3c elementor-section-boxed elementor-section-height-default elementor-section-height-default\" data-eae-slider=\"12976\" data-id=\"0dfde3c\" data-element_type=\"section\" data-settings=\"{&quot;background_background&quot;:&quot;classic&quot;,&quot;_ha_eqh_enable&quot;:false}\">\n\t\t\t\t\t\t<div class=\"elementor-container elementor-column-gap-default\">\n\t\t\t\t\t<div class=\"has_eae_slider elementor-column elementor-col-100 elementor-top-column elementor-element elementor-element-78b36d1\" data-eae-slider=\"9548\" data-id=\"78b36d1\" data-element_type=\"column\">\n\t\t\t<div class=\"elementor-widget-wrap elementor-element-populated\">\n\t\t\t\t\t\t<div class=\"elementor-element elementor-element-a0c4975 elementor-widget elementor-widget-text-editor\" data-id=\"a0c4975\" data-element_type=\"widget\" data-widget_type=\"text-editor.default\">\n\t\t\t\t<div class=\"elementor-widget-container\">\n\t\t\t\t\t\t\t\t\t<p>AVINENT GROUP, mediante su c\u00f3digo \u00e9tico, hace p\u00fablico sus valores y est\u00e1ndares de comportamiento de todo su personal y tambi\u00e9n de su relaci\u00f3n con terceros. Puede consultarlo haciendo <span style=\"text-decoration: underline;\"><a style=\"color: inherit; text-decoration: underline;\" href=\"https:\/\/inmoovs.com\/wp-content\/uploads\/2025\/12\/Codigo-Etico_Avinent-Group.pdf\">clic aqu\u00ed<\/a><\/span>. <\/p><p>AVINENT GROUP tiene un compromiso firme con el cumplimiento normativo y otras regulaciones voluntarias que le son de aplicaci\u00f3n. Es por ello que, y con el fin de dar cumplimiento a la ley 2\/2023, si cree que puede haber alg\u00fan incumplimiento de esta ley, se puede poner en contacto con nosotros mediante este canal \u00e9tico. <\/p><p>Puedes acceder a la pol\u00edtica de privacidad haciendo <a style=\"color: inherit; text-decoration: underline;\" href=\"https:\/\/inmoovs.com\/es\/politica-de-privacidad\/\">clic aqu\u00ed<\/a>.<\/p><p>Para ponerte en contacto con nosotros facilitamos los siguientes canales de comunicaci\u00f3n:<\/p>\t\t\t\t\t\t\t\t<\/div>\n\t\t\t\t<\/div>\n\t\t\t\t\t<\/div>\n\t\t<\/div>\n\t\t\t\t\t<\/div>\n\t\t<\/section>\n\t\t\t\t<section class=\"has_eae_slider elementor-section elementor-top-section elementor-element elementor-element-3d1f255 elementor-section-boxed elementor-section-height-default elementor-section-height-default\" data-eae-slider=\"20591\" data-id=\"3d1f255\" data-element_type=\"section\" data-settings=\"{&quot;background_background&quot;:&quot;classic&quot;,&quot;_ha_eqh_enable&quot;:false}\">\n\t\t\t\t\t\t<div class=\"elementor-container elementor-column-gap-default\">\n\t\t\t\t\t<div class=\"has_eae_slider elementor-column elementor-col-50 elementor-top-column elementor-element elementor-element-ebfa11a\" data-eae-slider=\"33515\" data-id=\"ebfa11a\" data-element_type=\"column\">\n\t\t\t<div class=\"elementor-widget-wrap elementor-element-populated\">\n\t\t\t\t\t\t<div class=\"elementor-element elementor-element-f06ee4a elementor-widget elementor-widget-text-editor\" data-id=\"f06ee4a\" data-element_type=\"widget\" data-widget_type=\"text-editor.default\">\n\t\t\t\t<div class=\"elementor-widget-container\">\n\t\t\t\t\t\t\t\t\t<h3 style=\"text-align: center;\"><strong>FORMULARIO INTERNO<\/strong><\/h3><p>Las comunicaciones que se formulen a trav\u00e9s del formulario \u201cCanal \u00e9tico\u201d podr\u00e1n realizarse por escrito en el formulario que se encuentra haciendo <a style=\"color: inherit; text-decoration: none;\" href=\"https:\/\/centinela.lefebvre.es\/public\/concept\/2293031\"><span style=\"text-decoration: underline;\">clic aqu\u00ed<\/span><\/a>.<\/p>\t\t\t\t\t\t\t\t<\/div>\n\t\t\t\t<\/div>\n\t\t\t\t\t<\/div>\n\t\t<\/div>\n\t\t\t\t<div class=\"has_eae_slider elementor-column elementor-col-50 elementor-top-column elementor-element elementor-element-f780388\" data-eae-slider=\"84896\" data-id=\"f780388\" data-element_type=\"column\">\n\t\t\t<div class=\"elementor-widget-wrap elementor-element-populated\">\n\t\t\t\t\t\t<div class=\"elementor-element elementor-element-e16daba elementor-widget elementor-widget-text-editor\" data-id=\"e16daba\" data-element_type=\"widget\" data-widget_type=\"text-editor.default\">\n\t\t\t\t<div class=\"elementor-widget-container\">\n\t\t\t\t\t\t\t\t\t<h3 style=\"text-align: center;\"><strong>COMUNICACI\u00d3N ESCRITA<\/strong><\/h3><p>Enviando una comunicaci\u00f3n escrita a la atenci\u00f3n del Responsable del Sistema Interno de Informaci\u00f3n a la siguiente direcci\u00f3n postal:<\/p><p style=\"padding-left: 40px;\">Carretera de Navarcles, 107<br>Pol. Ind. Santa Anna I<br>08251, Santpedor, Barcelona.<\/p>\t\t\t\t\t\t\t\t<\/div>\n\t\t\t\t<\/div>\n\t\t\t\t\t<\/div>\n\t\t<\/div>\n\t\t\t\t\t<\/div>\n\t\t<\/section>\n\t\t\t\t<section class=\"has_eae_slider elementor-section elementor-top-section elementor-element elementor-element-a6335e3 elementor-section-boxed elementor-section-height-default elementor-section-height-default\" data-eae-slider=\"42145\" data-id=\"a6335e3\" data-element_type=\"section\" data-settings=\"{&quot;background_background&quot;:&quot;classic&quot;,&quot;_ha_eqh_enable&quot;:false}\">\n\t\t\t\t\t\t<div class=\"elementor-container elementor-column-gap-default\">\n\t\t\t\t\t<div class=\"has_eae_slider elementor-column elementor-col-50 elementor-top-column elementor-element elementor-element-3da3a02\" data-eae-slider=\"95292\" data-id=\"3da3a02\" data-element_type=\"column\">\n\t\t\t<div class=\"elementor-widget-wrap elementor-element-populated\">\n\t\t\t\t\t\t<div class=\"elementor-element elementor-element-3803594 elementor-widget elementor-widget-text-editor\" data-id=\"3803594\" data-element_type=\"widget\" data-widget_type=\"text-editor.default\">\n\t\t\t\t<div class=\"elementor-widget-container\">\n\t\t\t\t\t\t\t\t\t<h3 style=\"text-align: center;\"><strong>COMUNICACI\u00d3N PRESENCIAL<\/strong><\/h3>\nPuede realizar esta comunicaci\u00f3n presencialmente en nuestras instalaciones situadas en <a href=\"https:\/\/maps.app.goo.gl\/zm55QBPHmiVXmmNQ6\">Carretera de Navarcles, 107, Pol. Ind. Santa Anna I, 08251, Santpedor, Barcelona<\/a>. En este caso deber\u00e1 solicitar hablar con el Responsable del Sistema Interno de Informaci\u00f3n para poder realizarla correctamente.\t\t\t\t\t\t\t\t<\/div>\n\t\t\t\t<\/div>\n\t\t\t\t\t<\/div>\n\t\t<\/div>\n\t\t\t\t<div class=\"has_eae_slider elementor-column elementor-col-50 elementor-top-column elementor-element elementor-element-6e0fa0d\" data-eae-slider=\"91663\" data-id=\"6e0fa0d\" data-element_type=\"column\">\n\t\t\t<div class=\"elementor-widget-wrap elementor-element-populated\">\n\t\t\t\t\t\t<div class=\"elementor-element elementor-element-5393340 elementor-widget elementor-widget-text-editor\" data-id=\"5393340\" data-element_type=\"widget\" data-widget_type=\"text-editor.default\">\n\t\t\t\t<div class=\"elementor-widget-container\">\n\t\t\t\t\t\t\t\t\t<h3 style=\"text-align: center;\"><strong>COMUNICACI\u00d3N TELEF\u00d3NICA<\/strong><\/h3><p>Por \u00faltimo, tambi\u00e9n puede realizar la comunicaci\u00f3n por tel\u00e9fono, llamando al 938 273 465 y pedir tambi\u00e9n por el Responsable del Sistema Interno de Informaci\u00f3n. Os informamos tambi\u00e9n que esta comunicaci\u00f3n puede realizarla de forma an\u00f3nima, si lo cree oportuno. <\/p>\t\t\t\t\t\t\t\t<\/div>\n\t\t\t\t<\/div>\n\t\t\t\t\t<\/div>\n\t\t<\/div>\n\t\t\t\t\t<\/div>\n\t\t<\/section>\n\t\t\t\t<\/div>\n\t\t","protected":false},"excerpt":{"rendered":"<p>Canal y c\u00f3digo \u00e9tico AVINENT GROUP, mediante su c\u00f3digo \u00e9tico, hace p\u00fablico sus valores y est\u00e1ndares de comportamiento de todo su personal y tambi\u00e9n de su relaci\u00f3n con terceros. Puede consultarlo haciendo clic aqu\u00ed. AVINENT GROUP tiene un compromiso firme con el cumplimiento normativo y otras regulaciones voluntarias que le son de aplicaci\u00f3n. Es por [&hellip;]<\/p>\n","protected":false},"author":2,"featured_media":0,"parent":0,"menu_order":0,"comment_status":"closed","ping_status":"closed","template":"elementor_header_footer","meta":{"_joinchat":[],"footnotes":""},"class_list":["post-4298","page","type-page","status-publish","hentry"],"yoast_head":"<!-- This site is optimized with the Yoast SEO plugin v25.6 - https:\/\/yoast.com\/wordpress\/plugins\/seo\/ -->\n<title>Canal y c\u00f3digo \u00e9tico | Inmoovs<\/title>\n<meta name=\"robots\" content=\"noindex, nofollow\" \/>\n<meta property=\"og:locale\" content=\"es_ES\" \/>\n<meta property=\"og:type\" content=\"article\" \/>\n<meta property=\"og:title\" content=\"Canal y c\u00f3digo \u00e9tico | Inmoovs\" \/>\n<meta property=\"og:description\" content=\"Canal y c\u00f3digo \u00e9tico AVINENT GROUP, mediante su c\u00f3digo \u00e9tico, hace p\u00fablico sus valores y est\u00e1ndares de comportamiento de todo su personal y tambi\u00e9n de su relaci\u00f3n con terceros. Puede consultarlo haciendo clic aqu\u00ed. AVINENT GROUP tiene un compromiso firme con el cumplimiento normativo y otras regulaciones voluntarias que le son de aplicaci\u00f3n. Es por [&hellip;]\" \/>\n<meta property=\"og:url\" content=\"https:\/\/inmoovs.com\/es\/canal-y-codigo-etico\/\" \/>\n<meta property=\"og:site_name\" content=\"Inmoovs\" \/>\n<meta property=\"article:publisher\" content=\"https:\/\/www.facebook.com\/inmoovs\" \/>\n<meta property=\"article:modified_time\" content=\"2025-12-12T10:58:01+00:00\" \/>\n<meta property=\"og:image\" content=\"https:\/\/inmoovs.com\/wp-content\/uploads\/2022\/10\/centre-v2.jpg\" \/>\n\t<meta property=\"og:image:width\" content=\"1440\" \/>\n\t<meta property=\"og:image:height\" content=\"586\" \/>\n\t<meta property=\"og:image:type\" content=\"image\/jpeg\" \/>\n<meta name=\"twitter:card\" content=\"summary_large_image\" \/>\n<meta name=\"twitter:label1\" content=\"Tiempo de lectura\" \/>\n\t<meta name=\"twitter:data1\" content=\"6 minutos\" \/>\n<script type=\"application\/ld+json\" class=\"yoast-schema-graph\">{\"@context\":\"https:\/\/schema.org\",\"@graph\":[{\"@type\":\"WebPage\",\"@id\":\"https:\/\/inmoovs.com\/es\/canal-y-codigo-etico\/\",\"url\":\"https:\/\/inmoovs.com\/es\/canal-y-codigo-etico\/\",\"name\":\"Canal y c\u00f3digo \u00e9tico | Inmoovs\",\"isPartOf\":{\"@id\":\"https:\/\/inmoovs.com\/es\/#website\"},\"datePublished\":\"2022-08-09T13:45:39+00:00\",\"dateModified\":\"2025-12-12T10:58:01+00:00\",\"breadcrumb\":{\"@id\":\"https:\/\/inmoovs.com\/es\/canal-y-codigo-etico\/#breadcrumb\"},\"inLanguage\":\"es\",\"potentialAction\":[{\"@type\":\"ReadAction\",\"target\":[\"https:\/\/inmoovs.com\/es\/canal-y-codigo-etico\/\"]}]},{\"@type\":\"BreadcrumbList\",\"@id\":\"https:\/\/inmoovs.com\/es\/canal-y-codigo-etico\/#breadcrumb\",\"itemListElement\":[{\"@type\":\"ListItem\",\"position\":1,\"name\":\"Blog\",\"item\":\"https:\/\/inmoovs.com\/es\/\"},{\"@type\":\"ListItem\",\"position\":2,\"name\":\"Canal y c\u00f3digo \u00e9tico\"}]},{\"@type\":\"WebSite\",\"@id\":\"https:\/\/inmoovs.com\/es\/#website\",\"url\":\"https:\/\/inmoovs.com\/es\/\",\"name\":\"Inmoovs\",\"description\":\"\",\"publisher\":{\"@id\":\"https:\/\/inmoovs.com\/es\/#organization\"},\"potentialAction\":[{\"@type\":\"SearchAction\",\"target\":{\"@type\":\"EntryPoint\",\"urlTemplate\":\"https:\/\/inmoovs.com\/es\/?s={search_term_string}\"},\"query-input\":{\"@type\":\"PropertyValueSpecification\",\"valueRequired\":true,\"valueName\":\"search_term_string\"}}],\"inLanguage\":\"es\"},{\"@type\":\"Organization\",\"@id\":\"https:\/\/inmoovs.com\/es\/#organization\",\"name\":\"Inmoovs\",\"url\":\"https:\/\/inmoovs.com\/es\/\",\"logo\":{\"@type\":\"ImageObject\",\"inLanguage\":\"es\",\"@id\":\"https:\/\/inmoovs.com\/es\/#\/schema\/logo\/image\/\",\"url\":\"https:\/\/inmoovs.com\/wp-content\/uploads\/2022\/08\/logo-footer.svg\",\"contentUrl\":\"https:\/\/inmoovs.com\/wp-content\/uploads\/2022\/08\/logo-footer.svg\",\"width\":162,\"height\":109,\"caption\":\"Inmoovs\"},\"image\":{\"@id\":\"https:\/\/inmoovs.com\/es\/#\/schema\/logo\/image\/\"},\"sameAs\":[\"https:\/\/www.facebook.com\/inmoovs\",\"https:\/\/www.instagram.com\/inmoovs\/\"]}]}<\/script>\n<!-- \/ Yoast SEO plugin. -->","yoast_head_json":{"title":"Canal y c\u00f3digo \u00e9tico | Inmoovs","robots":{"index":"noindex","follow":"nofollow"},"og_locale":"es_ES","og_type":"article","og_title":"Canal y c\u00f3digo \u00e9tico | Inmoovs","og_description":"Canal y c\u00f3digo \u00e9tico AVINENT GROUP, mediante su c\u00f3digo \u00e9tico, hace p\u00fablico sus valores y est\u00e1ndares de comportamiento de todo su personal y tambi\u00e9n de su relaci\u00f3n con terceros. Puede consultarlo haciendo clic aqu\u00ed. AVINENT GROUP tiene un compromiso firme con el cumplimiento normativo y otras regulaciones voluntarias que le son de aplicaci\u00f3n. Es por [&hellip;]","og_url":"https:\/\/inmoovs.com\/es\/canal-y-codigo-etico\/","og_site_name":"Inmoovs","article_publisher":"https:\/\/www.facebook.com\/inmoovs","article_modified_time":"2025-12-12T10:58:01+00:00","og_image":[{"width":1440,"height":586,"url":"https:\/\/inmoovs.com\/wp-content\/uploads\/2022\/10\/centre-v2.jpg","type":"image\/jpeg"}],"twitter_card":"summary_large_image","twitter_misc":{"Tiempo de lectura":"6 minutos"},"schema":{"@context":"https:\/\/schema.org","@graph":[{"@type":"WebPage","@id":"https:\/\/inmoovs.com\/es\/canal-y-codigo-etico\/","url":"https:\/\/inmoovs.com\/es\/canal-y-codigo-etico\/","name":"Canal y c\u00f3digo \u00e9tico | Inmoovs","isPartOf":{"@id":"https:\/\/inmoovs.com\/es\/#website"},"datePublished":"2022-08-09T13:45:39+00:00","dateModified":"2025-12-12T10:58:01+00:00","breadcrumb":{"@id":"https:\/\/inmoovs.com\/es\/canal-y-codigo-etico\/#breadcrumb"},"inLanguage":"es","potentialAction":[{"@type":"ReadAction","target":["https:\/\/inmoovs.com\/es\/canal-y-codigo-etico\/"]}]},{"@type":"BreadcrumbList","@id":"https:\/\/inmoovs.com\/es\/canal-y-codigo-etico\/#breadcrumb","itemListElement":[{"@type":"ListItem","position":1,"name":"Blog","item":"https:\/\/inmoovs.com\/es\/"},{"@type":"ListItem","position":2,"name":"Canal y c\u00f3digo \u00e9tico"}]},{"@type":"WebSite","@id":"https:\/\/inmoovs.com\/es\/#website","url":"https:\/\/inmoovs.com\/es\/","name":"Inmoovs","description":"","publisher":{"@id":"https:\/\/inmoovs.com\/es\/#organization"},"potentialAction":[{"@type":"SearchAction","target":{"@type":"EntryPoint","urlTemplate":"https:\/\/inmoovs.com\/es\/?s={search_term_string}"},"query-input":{"@type":"PropertyValueSpecification","valueRequired":true,"valueName":"search_term_string"}}],"inLanguage":"es"},{"@type":"Organization","@id":"https:\/\/inmoovs.com\/es\/#organization","name":"Inmoovs","url":"https:\/\/inmoovs.com\/es\/","logo":{"@type":"ImageObject","inLanguage":"es","@id":"https:\/\/inmoovs.com\/es\/#\/schema\/logo\/image\/","url":"https:\/\/inmoovs.com\/wp-content\/uploads\/2022\/08\/logo-footer.svg","contentUrl":"https:\/\/inmoovs.com\/wp-content\/uploads\/2022\/08\/logo-footer.svg","width":162,"height":109,"caption":"Inmoovs"},"image":{"@id":"https:\/\/inmoovs.com\/es\/#\/schema\/logo\/image\/"},"sameAs":["https:\/\/www.facebook.com\/inmoovs","https:\/\/www.instagram.com\/inmoovs\/"]}]}},"_links":{"self":[{"href":"https:\/\/inmoovs.com\/es\/wp-json\/wp\/v2\/pages\/4298","targetHints":{"allow":["GET"]}}],"collection":[{"href":"https:\/\/inmoovs.com\/es\/wp-json\/wp\/v2\/pages"}],"about":[{"href":"https:\/\/inmoovs.com\/es\/wp-json\/wp\/v2\/types\/page"}],"author":[{"embeddable":true,"href":"https:\/\/inmoovs.com\/es\/wp-json\/wp\/v2\/users\/2"}],"replies":[{"embeddable":true,"href":"https:\/\/inmoovs.com\/es\/wp-json\/wp\/v2\/comments?post=4298"}],"version-history":[{"count":12,"href":"https:\/\/inmoovs.com\/es\/wp-json\/wp\/v2\/pages\/4298\/revisions"}],"predecessor-version":[{"id":12400,"href":"https:\/\/inmoovs.com\/es\/wp-json\/wp\/v2\/pages\/4298\/revisions\/12400"}],"wp:attachment":[{"href":"https:\/\/inmoovs.com\/es\/wp-json\/wp\/v2\/media?parent=4298"}],"curies":[{"name":"wp","href":"https:\/\/api.w.org\/{rel}","templated":true}]}}