{"id":4266,"date":"2022-09-02T13:19:18","date_gmt":"2022-09-02T13:19:18","guid":{"rendered":"https:\/\/inmoovs.com\/politica-de-cookies\/"},"modified":"2022-10-24T13:28:04","modified_gmt":"2022-10-24T13:28:04","slug":"politica-de-cookies","status":"publish","type":"page","link":"https:\/\/inmoovs.com\/es\/politica-de-cookies\/","title":{"rendered":"Pol\u00edtica de cookies"},"content":{"rendered":"\t\t<div data-elementor-type=\"wp-page\" data-elementor-id=\"4266\" class=\"elementor elementor-4266 elementor-2284\" data-elementor-settings=\"{&quot;ha_cmc_init_switcher&quot;:&quot;no&quot;}\" data-elementor-post-type=\"page\">\n\t\t\t\t\t\t<section class=\"has_eae_slider elementor-section elementor-top-section elementor-element elementor-element-17f6911 elementor-section-height-min-height elementor-section-boxed elementor-section-height-default elementor-section-items-middle\" data-eae-slider=\"45814\" data-id=\"17f6911\" data-element_type=\"section\" data-settings=\"{&quot;background_background&quot;:&quot;classic&quot;,&quot;_ha_eqh_enable&quot;:false}\">\n\t\t\t\t\t\t<div class=\"elementor-container elementor-column-gap-default\">\n\t\t\t\t\t<div class=\"has_eae_slider elementor-column elementor-col-100 elementor-top-column elementor-element elementor-element-4894110\" data-eae-slider=\"46718\" data-id=\"4894110\" data-element_type=\"column\">\n\t\t\t<div class=\"elementor-widget-wrap elementor-element-populated\">\n\t\t\t\t\t\t<section class=\"has_eae_slider elementor-section elementor-inner-section elementor-element elementor-element-dcea4a0 elementor-section-boxed elementor-section-height-default elementor-section-height-default\" data-eae-slider=\"94255\" data-id=\"dcea4a0\" data-element_type=\"section\" data-settings=\"{&quot;_ha_eqh_enable&quot;:false}\">\n\t\t\t\t\t\t<div class=\"elementor-container elementor-column-gap-default\">\n\t\t\t\t\t<div class=\"has_eae_slider elementor-column elementor-col-100 elementor-inner-column elementor-element elementor-element-a37fd5d\" data-eae-slider=\"17474\" data-id=\"a37fd5d\" data-element_type=\"column\">\n\t\t\t<div class=\"elementor-widget-wrap elementor-element-populated\">\n\t\t\t\t\t\t<div class=\"elementor-element elementor-element-ffc9190 elementor-widget__width-initial elementor-widget elementor-widget-heading\" data-id=\"ffc9190\" data-element_type=\"widget\" data-widget_type=\"heading.default\">\n\t\t\t\t<div class=\"elementor-widget-container\">\n\t\t\t\t\t<h1 class=\"elementor-heading-title elementor-size-default\">Pol\u00edtica de cookies<\/h1>\t\t\t\t<\/div>\n\t\t\t\t<\/div>\n\t\t\t\t\t<\/div>\n\t\t<\/div>\n\t\t\t\t\t<\/div>\n\t\t<\/section>\n\t\t\t\t\t<\/div>\n\t\t<\/div>\n\t\t\t\t\t<\/div>\n\t\t<\/section>\n\t\t\t\t<section class=\"has_eae_slider elementor-section elementor-top-section elementor-element elementor-element-0dfde3c elementor-section-boxed elementor-section-height-default elementor-section-height-default\" data-eae-slider=\"36228\" data-id=\"0dfde3c\" data-element_type=\"section\" data-settings=\"{&quot;background_background&quot;:&quot;classic&quot;,&quot;_ha_eqh_enable&quot;:false}\">\n\t\t\t\t\t\t<div class=\"elementor-container elementor-column-gap-default\">\n\t\t\t\t\t<div class=\"has_eae_slider elementor-column elementor-col-100 elementor-top-column elementor-element elementor-element-78b36d1\" data-eae-slider=\"87633\" data-id=\"78b36d1\" data-element_type=\"column\">\n\t\t\t<div class=\"elementor-widget-wrap elementor-element-populated\">\n\t\t\t\t\t\t<div class=\"elementor-element elementor-element-a0c4975 elementor-widget elementor-widget-text-editor\" data-id=\"a0c4975\" data-element_type=\"widget\" data-widget_type=\"text-editor.default\">\n\t\t\t\t<div class=\"elementor-widget-container\">\n\t\t\t\t\t\t\t\t\t<p><strong>\u00bfQU\u00c9 SON LAS COOKIES?<\/strong><\/p>\n<p>Las cookies son archivos que se pueden descargar en su equipo a trav\u00e9s de p\u00e1ginas web. Las cookies son esenciales para el funcionamiento de internet, aportando innumerables ventajas en la prestaci\u00f3n de servicios interactivos, facilit\u00e1ndole la navegaci\u00f3n y usabilidad de nuestra web. Entre otras funcionalidades permiten a una web almacenar y recuperar informaci\u00f3n sobre los h\u00e1bitos de navegaci\u00f3n de los usuarios.<\/p>\n<p>La web de AVINENT INSOLES, S.L.U. utiliza cookies de terceros (navegadores) para ofrecer un mejor servicio al usuario. Una cookie de tercero es la que se instala en algunas p\u00e1ginas Web y permiten gestionar y mejorar los servicios ofrecidos<\/p>\n<p>La mayor\u00eda de estos navegadores permiten controlar las cookies mediante su configuraci\u00f3n. En consecuencia, usted puede permitir, bloquear o eliminar las cookies instaladas en su equipo mediante la configuraci\u00f3n de las opciones del navegador instalado en su ordenador. A continuaci\u00f3n, le informamos de las p\u00e1ginas web donde usted puede configurar estas opciones, en funci\u00f3n de cada navegador:<\/p>\n<ul>\n<li>Microsoft Internet Explorer o Microsoft Edge: <a href=\"http:\/\/windows.microsoft.com\/eses\/windows-vista\/Block-or-allow-cookies\">http:\/\/windows.microsoft.com\/eses\/windows-vista\/Block-or-allow-cookies<\/a><\/li>\n<li>Mozilla Firefox: <a href=\"http:\/\/support.mozilla.org\/es\/kb\/impedir-que-los-sitios-webguarden-sus-preferencia\">http:\/\/support.mozilla.org\/es\/kb\/impedir-que-los-sitios-webguarden-sus-preferencia<\/a><\/li>\n<li>Chrome: <a href=\"https:\/\/support.google.com\/accounts\/answer\/61416?hl=es\">https:\/\/support.google.com\/accounts\/answer\/61416?hl=es<\/a><\/li>\n<li>Safari: <a href=\"http:\/\/safari.helpmax.net\/es\/privacidad-y-seguridad\/como-gestionar-lascookies\/\">http:\/\/safari.helpmax.net\/es\/privacidad-y-seguridad\/como-gestionar-lascookies\/<\/a><\/li>\n<li>Opera: <a href=\"http:\/\/help.opera.com\/Linux\/10.60\/es-ES\/cookies.html\">http:\/\/help.opera.com\/Linux\/10.60\/es-ES\/cookies.html<\/a><br><br><\/li>\n<\/ul>\n<p>No obstante, le informamos que, en caso de bloquear parcial o totalmente el uso de cookies en su navegador es posible que algunos servicios o funcionalidades de la p\u00e1gina Web de AVINENT INSOLES, S.L.U. &nbsp;no est\u00e9n disponibles o no funcionen correctamente.<\/p>\n<p><strong>TIPOS DE COOKIES UTILIZADAS<\/strong><\/p>\n<p><strong>COOKIES PERMANENTES<\/strong><\/p>\n<p>Una cookie permanente se almacena en el disco duro del usuario y se lee cada vez que se realiza una visita a la web. Dejar\u00e1 de funcionar despu\u00e9s de una fecha de expiraci\u00f3n determinada.<\/p>\n<p><strong>COOKIES DE PERSONALIZACI\u00d3N<\/strong><\/p>\n<p>Una cookie de personalizaci\u00f3n es la que permite al usuario acceder al servicio con algunas caracter\u00edsticas de car\u00e1cter general predefinidas en su terminal o que el propio usuario defina. Ejemplos de cookies de personalizaci\u00f3n son: el idioma, geolocalizaci\u00f3n del terminal, etc.<\/p>\n<p><strong>COOKIES DE AN\u00c1LISIS ESTAD\u00cdSTICO<\/strong><\/p>\n<p>Una cookie de an\u00e1lisis estad\u00edstico es la que permite realizar el seguimiento y an\u00e1lisis del comportamiento de los usuarios en los sitios Web. La informaci\u00f3n recogida mediante este tipo de cookies se utiliza para la elaboraci\u00f3n de perfiles de navegaci\u00f3n de los usuarios de dichos sitios, con la finalidad de introducir mejoras en el servicio en funci\u00f3n del uso que hacen los usuarios.<\/p>\n<p><strong>COOKIES T\u00c9CNICAS<\/strong><\/p>\n<p>Una cookie t\u00e9cnica es la que permite al usuario la navegaci\u00f3n a trav\u00e9s de la<br>p\u00e1gina Web o aplicaci\u00f3n y la utilizaci\u00f3n de las diferentes opciones o servicios que en ella existen. Por ejemplo: identificar y mantener la sesi\u00f3n del usuario, acceder a las partes Web de acceso restringido, realizar la solicitud de inscripci\u00f3n o participaci\u00f3n en un evento, recordar los elementos que integran un pedido, utilizar elementos de seguridad durante la navegaci\u00f3n y almacenar contenidos para la difusi\u00f3n de videos o sonido.<\/p>\n<p><strong>GOOGLE ANALYTICS<\/strong><\/p>\n<p>Este sitio web utiliza Google Analytics, un servicio de an\u00e1lisis web prestado por Google, Inc. (\u00abGoogle\u00bb). Google Analytics utiliza \u00abcookies\u00bb, que son archivos de texto ubicados en el ordenador, para la ayuda en el sitio web para analizar c\u00f3mo los usuarios usan el sitio. La informaci\u00f3n generada por la cookie en el sitio web (incluyendo la direcci\u00f3n IP) ser\u00e1 transmitida y almacenada por Google en los servidores de Estados Unidos. En caso de activaci\u00f3n de la anonimizaci\u00f3n de IP, Google truncar\u00e1\/anonimizar\u00e1 el \u00faltimo octeto de la direcci\u00f3n IP para los Estados de la Uni\u00f3n Europea, as\u00ed como para otras partes incluidas en el acuerdo sobre el espacio econ\u00f3mico europeo. S\u00f3lo en excepcionales casos, los servidores de Google en EEUU env\u00edan y acortan la direcci\u00f3n IP completa. En n\u00famero del proveedor del sitio web, Google utilizar\u00e1 esta informaci\u00f3n para evaluar el uso de la web, recopilando informes sobre la actividad de la p\u00e1gina web para los operadores de web sitios y de la clase de proveedores de servicios Web y el uso de Internet en el proveedor del sitio Web. Google no asociar\u00e1 su direcci\u00f3n IP con ning\u00fan otro dato en poder de Google.<\/p>\n<p>Puede rechazar el uso de cookies seleccionando la configuraci\u00f3n para el navegador. Sin embargo, tenga en cuenta que tenga en cuenta que, si hace esto, es posible que no pueda usar la funcionalidad completa de este sitio web.<\/p>\n<p>Adem\u00e1s, puede evitar que Google recopile y utilice datos (cookies y direcciones IP) descargando e instalando el complemento del navegador disponible en:<\/p>\n<p><\/p>\n<p><a href=\"http:\/\/www.google.com\/intl\/es\/policies\/privacy\/\">http:\/\/www.google.com\/intl\/es\/policies\/privacy\/<\/a><\/p>\n<p><\/p>\n<p>Puede encontrar m\u00e1s informaci\u00f3n de los t\u00e9rminos y condiciones de uso y la pol\u00edtica de privacidad de los datos en:<\/p>\n<p><a href=\"https:\/\/support.google.com\/analytics\/answer\/6004245#zippy=%2Cgoogle-analytics-y-su-cumplimiento-del-reglamento-general-de-protecci%C3%B3n-de-datos-rgpd%2Cdatos-que-recoge-google-analytics\">https:\/\/support.google.com\/analytics\/answer\/6004245#zippy=%2Cgoogle-analytics-y-su-cumplimiento-del-reglamento-general-de-protecci%C3%B3n-de-datos-rgpd%2Cdatos-que-recoge-google-analytics<\/a><\/p>\n<p><\/p>\n<p>En este sitio web, el c\u00f3digo de Google Analytics se complementa con \u00abgat._anonymize IP ();\u00bb para garantizar una colecci\u00f3n an\u00f3nima de IP (llamado IP Masquerade).<\/p>\n<p><\/p>\n<p>Como alternativa al complemento del navegador, puede hacer <em><u>click<\/u><\/em> <a href=\"https:\/\/support.google.com\/analytics\/answer\/9019185?hl=es\">https:\/\/support.google.com\/analytics\/answer\/9019185?hl=es<\/a>&nbsp; en este enlace para evitar la recopilaci\u00f3n por Google Analytics en este sitio web.<\/p>\n<p><\/p>\t\t\t\t\t\t\t\t<\/div>\n\t\t\t\t<\/div>\n\t\t\t\t\t<\/div>\n\t\t<\/div>\n\t\t\t\t\t<\/div>\n\t\t<\/section>\n\t\t\t\t<\/div>\n\t\t","protected":false},"excerpt":{"rendered":"<p>Pol\u00edtica de cookies \u00bfQU\u00c9 SON LAS COOKIES? Las cookies son archivos que se pueden descargar en su equipo a trav\u00e9s de p\u00e1ginas web. Las cookies son esenciales para el funcionamiento de internet, aportando innumerables ventajas en la prestaci\u00f3n de servicios interactivos, facilit\u00e1ndole la navegaci\u00f3n y usabilidad de nuestra web. Entre otras funcionalidades permiten a una [&hellip;]<\/p>\n","protected":false},"author":1,"featured_media":0,"parent":0,"menu_order":0,"comment_status":"closed","ping_status":"closed","template":"elementor_header_footer","meta":{"_joinchat":[],"footnotes":""},"class_list":["post-4266","page","type-page","status-publish","hentry"],"yoast_head":"<!-- This site is optimized with the Yoast SEO plugin v25.6 - https:\/\/yoast.com\/wordpress\/plugins\/seo\/ -->\n<title>Pol\u00edtica de cookies | Inmoovs<\/title>\n<meta name=\"robots\" content=\"noindex, nofollow\" \/>\n<meta property=\"og:locale\" content=\"es_ES\" \/>\n<meta property=\"og:type\" content=\"article\" \/>\n<meta property=\"og:title\" content=\"Pol\u00edtica de cookies | Inmoovs\" \/>\n<meta property=\"og:description\" content=\"Pol\u00edtica de cookies \u00bfQU\u00c9 SON LAS COOKIES? Las cookies son archivos que se pueden descargar en su equipo a trav\u00e9s de p\u00e1ginas web. Las cookies son esenciales para el funcionamiento de internet, aportando innumerables ventajas en la prestaci\u00f3n de servicios interactivos, facilit\u00e1ndole la navegaci\u00f3n y usabilidad de nuestra web. Entre otras funcionalidades permiten a una [&hellip;]\" \/>\n<meta property=\"og:url\" content=\"https:\/\/inmoovs.com\/es\/politica-de-cookies\/\" \/>\n<meta property=\"og:site_name\" content=\"Inmoovs\" \/>\n<meta property=\"article:publisher\" content=\"https:\/\/www.facebook.com\/inmoovs\" \/>\n<meta property=\"article:modified_time\" content=\"2022-10-24T13:28:04+00:00\" \/>\n<meta property=\"og:image\" content=\"https:\/\/inmoovs.com\/wp-content\/uploads\/2022\/10\/centre-v2.jpg\" \/>\n\t<meta property=\"og:image:width\" content=\"1440\" \/>\n\t<meta property=\"og:image:height\" content=\"586\" \/>\n\t<meta property=\"og:image:type\" content=\"image\/jpeg\" \/>\n<meta name=\"twitter:card\" content=\"summary_large_image\" \/>\n<meta name=\"twitter:label1\" content=\"Tiempo de lectura\" \/>\n\t<meta name=\"twitter:data1\" content=\"5 minutos\" \/>\n<script type=\"application\/ld+json\" class=\"yoast-schema-graph\">{\"@context\":\"https:\/\/schema.org\",\"@graph\":[{\"@type\":\"WebPage\",\"@id\":\"https:\/\/inmoovs.com\/es\/politica-de-cookies\/\",\"url\":\"https:\/\/inmoovs.com\/es\/politica-de-cookies\/\",\"name\":\"Pol\u00edtica de cookies | Inmoovs\",\"isPartOf\":{\"@id\":\"https:\/\/inmoovs.com\/es\/#website\"},\"datePublished\":\"2022-09-02T13:19:18+00:00\",\"dateModified\":\"2022-10-24T13:28:04+00:00\",\"breadcrumb\":{\"@id\":\"https:\/\/inmoovs.com\/es\/politica-de-cookies\/#breadcrumb\"},\"inLanguage\":\"es\",\"potentialAction\":[{\"@type\":\"ReadAction\",\"target\":[\"https:\/\/inmoovs.com\/es\/politica-de-cookies\/\"]}]},{\"@type\":\"BreadcrumbList\",\"@id\":\"https:\/\/inmoovs.com\/es\/politica-de-cookies\/#breadcrumb\",\"itemListElement\":[{\"@type\":\"ListItem\",\"position\":1,\"name\":\"Blog\",\"item\":\"https:\/\/inmoovs.com\/es\/\"},{\"@type\":\"ListItem\",\"position\":2,\"name\":\"Pol\u00edtica de cookies\"}]},{\"@type\":\"WebSite\",\"@id\":\"https:\/\/inmoovs.com\/es\/#website\",\"url\":\"https:\/\/inmoovs.com\/es\/\",\"name\":\"Inmoovs\",\"description\":\"\",\"publisher\":{\"@id\":\"https:\/\/inmoovs.com\/es\/#organization\"},\"potentialAction\":[{\"@type\":\"SearchAction\",\"target\":{\"@type\":\"EntryPoint\",\"urlTemplate\":\"https:\/\/inmoovs.com\/es\/?s={search_term_string}\"},\"query-input\":{\"@type\":\"PropertyValueSpecification\",\"valueRequired\":true,\"valueName\":\"search_term_string\"}}],\"inLanguage\":\"es\"},{\"@type\":\"Organization\",\"@id\":\"https:\/\/inmoovs.com\/es\/#organization\",\"name\":\"Inmoovs\",\"url\":\"https:\/\/inmoovs.com\/es\/\",\"logo\":{\"@type\":\"ImageObject\",\"inLanguage\":\"es\",\"@id\":\"https:\/\/inmoovs.com\/es\/#\/schema\/logo\/image\/\",\"url\":\"https:\/\/inmoovs.com\/wp-content\/uploads\/2022\/08\/logo-footer.svg\",\"contentUrl\":\"https:\/\/inmoovs.com\/wp-content\/uploads\/2022\/08\/logo-footer.svg\",\"width\":162,\"height\":109,\"caption\":\"Inmoovs\"},\"image\":{\"@id\":\"https:\/\/inmoovs.com\/es\/#\/schema\/logo\/image\/\"},\"sameAs\":[\"https:\/\/www.facebook.com\/inmoovs\",\"https:\/\/www.instagram.com\/inmoovs\/\"]}]}<\/script>\n<!-- \/ Yoast SEO plugin. -->","yoast_head_json":{"title":"Pol\u00edtica de cookies | Inmoovs","robots":{"index":"noindex","follow":"nofollow"},"og_locale":"es_ES","og_type":"article","og_title":"Pol\u00edtica de cookies | Inmoovs","og_description":"Pol\u00edtica de cookies \u00bfQU\u00c9 SON LAS COOKIES? Las cookies son archivos que se pueden descargar en su equipo a trav\u00e9s de p\u00e1ginas web. Las cookies son esenciales para el funcionamiento de internet, aportando innumerables ventajas en la prestaci\u00f3n de servicios interactivos, facilit\u00e1ndole la navegaci\u00f3n y usabilidad de nuestra web. Entre otras funcionalidades permiten a una [&hellip;]","og_url":"https:\/\/inmoovs.com\/es\/politica-de-cookies\/","og_site_name":"Inmoovs","article_publisher":"https:\/\/www.facebook.com\/inmoovs","article_modified_time":"2022-10-24T13:28:04+00:00","og_image":[{"width":1440,"height":586,"url":"https:\/\/inmoovs.com\/wp-content\/uploads\/2022\/10\/centre-v2.jpg","type":"image\/jpeg"}],"twitter_card":"summary_large_image","twitter_misc":{"Tiempo de lectura":"5 minutos"},"schema":{"@context":"https:\/\/schema.org","@graph":[{"@type":"WebPage","@id":"https:\/\/inmoovs.com\/es\/politica-de-cookies\/","url":"https:\/\/inmoovs.com\/es\/politica-de-cookies\/","name":"Pol\u00edtica de cookies | Inmoovs","isPartOf":{"@id":"https:\/\/inmoovs.com\/es\/#website"},"datePublished":"2022-09-02T13:19:18+00:00","dateModified":"2022-10-24T13:28:04+00:00","breadcrumb":{"@id":"https:\/\/inmoovs.com\/es\/politica-de-cookies\/#breadcrumb"},"inLanguage":"es","potentialAction":[{"@type":"ReadAction","target":["https:\/\/inmoovs.com\/es\/politica-de-cookies\/"]}]},{"@type":"BreadcrumbList","@id":"https:\/\/inmoovs.com\/es\/politica-de-cookies\/#breadcrumb","itemListElement":[{"@type":"ListItem","position":1,"name":"Blog","item":"https:\/\/inmoovs.com\/es\/"},{"@type":"ListItem","position":2,"name":"Pol\u00edtica de cookies"}]},{"@type":"WebSite","@id":"https:\/\/inmoovs.com\/es\/#website","url":"https:\/\/inmoovs.com\/es\/","name":"Inmoovs","description":"","publisher":{"@id":"https:\/\/inmoovs.com\/es\/#organization"},"potentialAction":[{"@type":"SearchAction","target":{"@type":"EntryPoint","urlTemplate":"https:\/\/inmoovs.com\/es\/?s={search_term_string}"},"query-input":{"@type":"PropertyValueSpecification","valueRequired":true,"valueName":"search_term_string"}}],"inLanguage":"es"},{"@type":"Organization","@id":"https:\/\/inmoovs.com\/es\/#organization","name":"Inmoovs","url":"https:\/\/inmoovs.com\/es\/","logo":{"@type":"ImageObject","inLanguage":"es","@id":"https:\/\/inmoovs.com\/es\/#\/schema\/logo\/image\/","url":"https:\/\/inmoovs.com\/wp-content\/uploads\/2022\/08\/logo-footer.svg","contentUrl":"https:\/\/inmoovs.com\/wp-content\/uploads\/2022\/08\/logo-footer.svg","width":162,"height":109,"caption":"Inmoovs"},"image":{"@id":"https:\/\/inmoovs.com\/es\/#\/schema\/logo\/image\/"},"sameAs":["https:\/\/www.facebook.com\/inmoovs","https:\/\/www.instagram.com\/inmoovs\/"]}]}},"_links":{"self":[{"href":"https:\/\/inmoovs.com\/es\/wp-json\/wp\/v2\/pages\/4266","targetHints":{"allow":["GET"]}}],"collection":[{"href":"https:\/\/inmoovs.com\/es\/wp-json\/wp\/v2\/pages"}],"about":[{"href":"https:\/\/inmoovs.com\/es\/wp-json\/wp\/v2\/types\/page"}],"author":[{"embeddable":true,"href":"https:\/\/inmoovs.com\/es\/wp-json\/wp\/v2\/users\/1"}],"replies":[{"embeddable":true,"href":"https:\/\/inmoovs.com\/es\/wp-json\/wp\/v2\/comments?post=4266"}],"version-history":[{"count":3,"href":"https:\/\/inmoovs.com\/es\/wp-json\/wp\/v2\/pages\/4266\/revisions"}],"predecessor-version":[{"id":6712,"href":"https:\/\/inmoovs.com\/es\/wp-json\/wp\/v2\/pages\/4266\/revisions\/6712"}],"wp:attachment":[{"href":"https:\/\/inmoovs.com\/es\/wp-json\/wp\/v2\/media?parent=4266"}],"curies":[{"name":"wp","href":"https:\/\/api.w.org\/{rel}","templated":true}]}}