{"id":11881,"date":"2025-11-03T10:49:55","date_gmt":"2025-11-03T10:49:55","guid":{"rendered":"https:\/\/inmoovs.com\/aviso-legal\/"},"modified":"2025-11-03T10:53:58","modified_gmt":"2025-11-03T10:53:58","slug":"aviso-legal","status":"publish","type":"page","link":"https:\/\/inmoovs.com\/es\/aviso-legal\/","title":{"rendered":"Aviso legal"},"content":{"rendered":"\t\t<div data-elementor-type=\"wp-page\" data-elementor-id=\"11881\" class=\"elementor elementor-11881 elementor-11865\" data-elementor-settings=\"{&quot;ha_cmc_init_switcher&quot;:&quot;no&quot;}\" data-elementor-post-type=\"page\">\n\t\t\t\t\t\t<section class=\"has_eae_slider elementor-section elementor-top-section elementor-element elementor-element-17f6911 elementor-section-height-min-height elementor-section-boxed elementor-section-height-default elementor-section-items-middle\" data-eae-slider=\"90733\" data-id=\"17f6911\" data-element_type=\"section\" data-settings=\"{&quot;background_background&quot;:&quot;classic&quot;,&quot;_ha_eqh_enable&quot;:false}\">\n\t\t\t\t\t\t<div class=\"elementor-container elementor-column-gap-default\">\n\t\t\t\t\t<div class=\"has_eae_slider elementor-column elementor-col-100 elementor-top-column elementor-element elementor-element-4894110\" data-eae-slider=\"47666\" data-id=\"4894110\" data-element_type=\"column\">\n\t\t\t<div class=\"elementor-widget-wrap elementor-element-populated\">\n\t\t\t\t\t\t<section class=\"has_eae_slider elementor-section elementor-inner-section elementor-element elementor-element-dcea4a0 elementor-section-boxed elementor-section-height-default elementor-section-height-default\" data-eae-slider=\"34367\" data-id=\"dcea4a0\" data-element_type=\"section\" data-settings=\"{&quot;_ha_eqh_enable&quot;:false}\">\n\t\t\t\t\t\t<div class=\"elementor-container elementor-column-gap-default\">\n\t\t\t\t\t<div class=\"has_eae_slider elementor-column elementor-col-50 elementor-inner-column elementor-element elementor-element-a37fd5d\" data-eae-slider=\"19569\" data-id=\"a37fd5d\" data-element_type=\"column\">\n\t\t\t<div class=\"elementor-widget-wrap elementor-element-populated\">\n\t\t\t\t\t\t<div class=\"elementor-element elementor-element-ffc9190 elementor-widget__width-initial elementor-widget elementor-widget-heading\" data-id=\"ffc9190\" data-element_type=\"widget\" data-widget_type=\"heading.default\">\n\t\t\t\t<div class=\"elementor-widget-container\">\n\t\t\t\t\t<h1 class=\"elementor-heading-title elementor-size-default\">Aviso legal<\/h1>\t\t\t\t<\/div>\n\t\t\t\t<\/div>\n\t\t\t\t\t<\/div>\n\t\t<\/div>\n\t\t\t\t<div class=\"has_eae_slider elementor-column elementor-col-50 elementor-inner-column elementor-element elementor-element-6c29026 elementor-hidden-mobile\" data-eae-slider=\"45867\" data-id=\"6c29026\" data-element_type=\"column\">\n\t\t\t<div class=\"elementor-widget-wrap\">\n\t\t\t\t\t\t\t<\/div>\n\t\t<\/div>\n\t\t\t\t\t<\/div>\n\t\t<\/section>\n\t\t\t\t\t<\/div>\n\t\t<\/div>\n\t\t\t\t\t<\/div>\n\t\t<\/section>\n\t\t\t\t<section class=\"has_eae_slider elementor-section elementor-top-section elementor-element elementor-element-0dfde3c elementor-section-boxed elementor-section-height-default elementor-section-height-default\" data-eae-slider=\"125\" data-id=\"0dfde3c\" data-element_type=\"section\" data-settings=\"{&quot;background_background&quot;:&quot;classic&quot;,&quot;_ha_eqh_enable&quot;:false}\">\n\t\t\t\t\t\t<div class=\"elementor-container elementor-column-gap-default\">\n\t\t\t\t\t<div class=\"has_eae_slider elementor-column elementor-col-100 elementor-top-column elementor-element elementor-element-78b36d1\" data-eae-slider=\"20326\" data-id=\"78b36d1\" data-element_type=\"column\">\n\t\t\t<div class=\"elementor-widget-wrap elementor-element-populated\">\n\t\t\t\t\t\t<div class=\"elementor-element elementor-element-a0c4975 elementor-widget elementor-widget-text-editor\" data-id=\"a0c4975\" data-element_type=\"widget\" data-widget_type=\"text-editor.default\">\n\t\t\t\t<div class=\"elementor-widget-container\">\n\t\t\t\t\t\t\t\t\t<p>En acuerdo con el <strong>art\u00edculo 10 de la Ley 34\/2002, del 11 de julio, de Servicios de la Sociedad de la Informaci\u00f3n y Comercio electr\u00f3nico<\/strong>, informamos que esta p\u00e1gina web y el dominio avinent.com pertenecen a:<\/p><p><strong>AVINENT INSOLES, S.L.U.<\/strong><\/p><p>Carretera de Navarcles, 107, Pol. Ind. Santa Anna I.<\/p><p>08251 Santpedor (Barcelona).<\/p><p>+34 902 38 38 48<\/p><p>+34 93 827 38 73<\/p><p>CIF B09919408<\/p><p><strong>USUARIOS Y R\u00c9GIMEN DE RESPONSABILIDADES<\/strong><\/p><p>El acceso y\/o uso del portal de AVINENT INSOLES, S.L.U. atribuye la condici\u00f3n de usuario que acepta desde el inicio del acceso y\/o uso del aviso legal de la empresa. AVINENT INSOLES, S.L.U. considera usuarios tanto personas f\u00edsicas como jur\u00eddicas. La p\u00e1gina web proporciona gran diversidad de informaci\u00f3n, servicios y datos. El usuario asume su responsabilidad en el uso correcto de la web. Esta responsabilidad se extiende a:    <\/p><ul><li>Veracidad y licitud de las informaciones aportadas por el usuario en los formularios facilitados por AVINENT INSOLES, S.L.U.<\/li><li>Mantener actualizados los datos comunicados en la web, siendo \u00e9stos exactos a la realidad en cada momento. Cualquier dato inexacto o falso que se produzca como consecuencia de las informaciones i datos comunicados, as\u00ed como les perjuicios que se puedan derivar ser\u00e1n responsabilidad de los usuarios. <\/li><li>\u00b7 El uso de la informaci\u00f3n, servicios y datos ofrecidos a AVINENT INSOLES, S.L.U., contrariamente a lo dispuesto en las presentes condiciones, la ley, la \u00e9tica o cualquier otra forma que pueda suponer una lesi\u00f3n de los derechos de terceros o del mismo funcionamiento de la web.<\/li><\/ul><p><strong>DERECHOS DE PROPIEDAD INTELECTUAL E INDUSTRIAL<\/strong><\/p><p>La web de AVINENT INSOLES, S.L.U. se rigen por las leyes espa\u00f1olas y est\u00e1 protegida por la legislaci\u00f3n estatal e internacional sobre la Propiedad Intelectual e Industrial.<br>La totalidad del contenido de esta p\u00e1gina web, incluidos logotipos, textos, fotograf\u00edas, dise\u00f1os, referencias de productos u otros elementos, as\u00ed como la estructura de la p\u00e1gina web, el dise\u00f1o, las combinaciones de colores o la forma de presentaci\u00f3n de los contenidos, est\u00e1 afectado por los derechos de la propiedad intelectual e industrial de titularidad de AVINENT INSOLES, S.L.U. o de terceras persones con la que AVINENT INSOLES, S.L.U. ha cedido su uso.<\/p><p>Estos derechos deben ser respetados por los usuarios de la p\u00e1gina web. AVINENT INSOLES, S.L.U. difunde toda esta informaci\u00f3n a trav\u00e9s de su p\u00e1gina web con el fin de hacer publicidad de sus productos y actividades. AVINENT INSOLES, S.L.U. advierte que todos estos elementos y referencias \u00fanicamente pueden ser utilizados con esta finalidad y citando siempre su procedencia y referencias de identificaci\u00f3n. No es l\u00edcita su transformaci\u00f3n o alteraci\u00f3n, ni tampoco la comunicaci\u00f3n p\u00fablica o cualquier otra forma de explotaci\u00f3n por cualquier t\u00e9cnica o procedimiento sin autorizaci\u00f3n expresa de AVINENT INSOLES, S.L.U.   <\/p><p><strong>RESPONSABILIDAD SOBRE LOS CONTENIDOS<\/strong><\/p><p>El usuario de esta p\u00e1gina web accede por cuenta e iniciativa propia. AVINENT INSOLES, S.L.U. no se responsabiliza de los errores u omisiones que puedan afectar sus contenidos. Las referencias que se presentan en la web tienen una funci\u00f3n exclusivamente informativa y no obligan al titular de la p\u00e1gina web hasta la confirmaci\u00f3n de la aceptaci\u00f3n de un contrato.  <\/p><p>AVINENT INSOLES, S.L.U. declina cualquier responsabilidad respecto a la informaci\u00f3n de cualquier tipo contenida en otras p\u00e1ginas web a las que se pueda acceder mediante enlaces desde esta p\u00e1gina web. La funci\u00f3n de los enlaces introducidos en la p\u00e1gina web es la de informar sobre la existencia de otras fuentes de informaci\u00f3n sobre el tema tratado en la p\u00e1gina de origen y no supone ninguna sugerencia o invitaci\u00f3n al usuario a visitar las p\u00e1ginas web de destino. AVINENT INSOLES, S.L.U. no es responsable del resultado obtenido a trav\u00e9s de estos enlaces que no son controlados ni verificados por AVINENT INSOLES, S.L.U.  <\/p><p>AVINENT INSOLES, S.L.U. se reserva, sin necesidad de previo aviso y en cualquier momento, el derecho de suspender temporalmente el acceso a la p\u00e1gina web y a efectuar las modificaciones que crea oportunas en los servicios o productos ofrecidos de la presentaci\u00f3n o localizaci\u00f3n de \u00e9stas.<\/p><p><strong>AUTORIZACI\u00d3N PARA ENLAZAR CON AVINENT.COM<\/strong><\/p><p>Queda autorizada la creaci\u00f3n de enlaces hacia cualquier apartado de esta p\u00e1gina web, siempre que quede visible en la barra de direcciones del explorador la direcci\u00f3n real a la que se accede. Los enlaces podr\u00e1n crearse utilizando la direcci\u00f3n, el nombre de la empresa u otras palabras clave. <\/p><p><strong>ACCIONES LEGALES, LEGISLACI\u00d3N APLICABLE Y JURISPRUDENCIA<\/strong><br>AVINENT INSOLES, S.L.U. se reserva, as\u00ed mismo, la facultad de presentar las acciones civiles o penales que considere oportunas por la utilizaci\u00f3n indebida de su p\u00e1gina web y contenidos all\u00ed descritos, o por incumplimiento de las presentes condiciones.<br>La relaci\u00f3n entre el usuario y AVINENT INSOLES, S.L.U. se regir\u00e1 por la normativa vigente de aplicaci\u00f3n en el territorio espa\u00f1ol. De salir cualquier controversia las partes implicadas podr\u00e1n someter sus conflictos a arbitraje o acudir a la jurisprudencia ordinaria cumpliendo con las normas sobre jurisdicci\u00f3n y competencia al respecto. De haberla, dicha controversia se ver\u00e1 en los juzgados de Manresa.  <\/p><p><strong>EXONERACI\u00d3N DE RESPONSABILIDAD<\/strong><br>AVINENT INSOLES, S.L.U. declara haber adoptado todas las medidas necesarias para evitar cualquier da\u00f1o a los usuarios de su sitio web que pudieran derivarse de la navegaci\u00f3n por su sitio web. En consecuencia, AVINENT INSOLES, S.L.U. no se hace responsable, en ning\u00fan caso, de los posibles errores de seguridad que puedan producirse ni de cualquier da\u00f1o o perjuicio que pueda causarse al sistema inform\u00e1tico del Usuario, los ficheros o documentos almacenados en el mismo como consecuencia del acceso a las P\u00e1ginas web de AVINENT INSOLES, S.L.U. o del uso de informaci\u00f3n o aplicaciones en ella contenidas. <\/p><p><strong>CAMBIOS EN EL AVISO LEGAL<\/strong><br>AVINENT INSOLES, S.L.U. se reserva, sin necesidad de previo aviso y en cualquier momento, el derecho a modificar el Aviso legal aqu\u00ed establecido. Por este motivo, recomienda la lectura de \u00e9ste en cada conexi\u00f3n. <br>Dichas modificaciones ser\u00e1n de obligado cumplimiento durante el tiempo en que se encuentren publicadas en la web y hasta que no sean modificadas v\u00e1lidamente por otras posteriores.<\/p>\t\t\t\t\t\t\t\t<\/div>\n\t\t\t\t<\/div>\n\t\t\t\t\t<\/div>\n\t\t<\/div>\n\t\t\t\t\t<\/div>\n\t\t<\/section>\n\t\t\t\t<\/div>\n\t\t","protected":false},"excerpt":{"rendered":"<p>Aviso legal En acuerdo con el art\u00edculo 10 de la Ley 34\/2002, del 11 de julio, de Servicios de la Sociedad de la Informaci\u00f3n y Comercio electr\u00f3nico, informamos que esta p\u00e1gina web y el dominio avinent.com pertenecen a: AVINENT INSOLES, S.L.U. Carretera de Navarcles, 107, Pol. Ind. Santa Anna I. 08251 Santpedor (Barcelona). +34 902 [&hellip;]<\/p>\n","protected":false},"author":2,"featured_media":0,"parent":0,"menu_order":0,"comment_status":"closed","ping_status":"closed","template":"elementor_header_footer","meta":{"_joinchat":[],"footnotes":""},"class_list":["post-11881","page","type-page","status-publish","hentry"],"yoast_head":"<!-- This site is optimized with the Yoast SEO plugin v25.6 - https:\/\/yoast.com\/wordpress\/plugins\/seo\/ -->\n<title>Aviso legal | Inmoovs<\/title>\n<meta name=\"robots\" content=\"noindex, nofollow\" \/>\n<meta property=\"og:locale\" content=\"es_ES\" \/>\n<meta property=\"og:type\" content=\"article\" \/>\n<meta property=\"og:title\" content=\"Aviso legal | Inmoovs\" \/>\n<meta property=\"og:description\" content=\"Aviso legal En acuerdo con el art\u00edculo 10 de la Ley 34\/2002, del 11 de julio, de Servicios de la Sociedad de la Informaci\u00f3n y Comercio electr\u00f3nico, informamos que esta p\u00e1gina web y el dominio avinent.com pertenecen a: AVINENT INSOLES, S.L.U. Carretera de Navarcles, 107, Pol. Ind. Santa Anna I. 08251 Santpedor (Barcelona). +34 902 [&hellip;]\" \/>\n<meta property=\"og:url\" content=\"https:\/\/inmoovs.com\/es\/aviso-legal\/\" \/>\n<meta property=\"og:site_name\" content=\"Inmoovs\" \/>\n<meta property=\"article:publisher\" content=\"https:\/\/www.facebook.com\/inmoovs\" \/>\n<meta property=\"article:modified_time\" content=\"2025-11-03T10:53:58+00:00\" \/>\n<meta property=\"og:image\" content=\"https:\/\/inmoovs.com\/wp-content\/uploads\/2022\/10\/centre-v2.jpg\" \/>\n\t<meta property=\"og:image:width\" content=\"1440\" \/>\n\t<meta property=\"og:image:height\" content=\"586\" \/>\n\t<meta property=\"og:image:type\" content=\"image\/jpeg\" \/>\n<meta name=\"twitter:card\" content=\"summary_large_image\" \/>\n<meta name=\"twitter:label1\" content=\"Tiempo de lectura\" \/>\n\t<meta name=\"twitter:data1\" content=\"5 minutos\" \/>\n<script type=\"application\/ld+json\" class=\"yoast-schema-graph\">{\"@context\":\"https:\/\/schema.org\",\"@graph\":[{\"@type\":\"WebPage\",\"@id\":\"https:\/\/inmoovs.com\/es\/aviso-legal\/\",\"url\":\"https:\/\/inmoovs.com\/es\/aviso-legal\/\",\"name\":\"Aviso legal | Inmoovs\",\"isPartOf\":{\"@id\":\"https:\/\/inmoovs.com\/es\/#website\"},\"datePublished\":\"2025-11-03T10:49:55+00:00\",\"dateModified\":\"2025-11-03T10:53:58+00:00\",\"breadcrumb\":{\"@id\":\"https:\/\/inmoovs.com\/es\/aviso-legal\/#breadcrumb\"},\"inLanguage\":\"es\",\"potentialAction\":[{\"@type\":\"ReadAction\",\"target\":[\"https:\/\/inmoovs.com\/es\/aviso-legal\/\"]}]},{\"@type\":\"BreadcrumbList\",\"@id\":\"https:\/\/inmoovs.com\/es\/aviso-legal\/#breadcrumb\",\"itemListElement\":[{\"@type\":\"ListItem\",\"position\":1,\"name\":\"Blog\",\"item\":\"https:\/\/inmoovs.com\/es\/\"},{\"@type\":\"ListItem\",\"position\":2,\"name\":\"Aviso legal\"}]},{\"@type\":\"WebSite\",\"@id\":\"https:\/\/inmoovs.com\/es\/#website\",\"url\":\"https:\/\/inmoovs.com\/es\/\",\"name\":\"Inmoovs\",\"description\":\"\",\"publisher\":{\"@id\":\"https:\/\/inmoovs.com\/es\/#organization\"},\"potentialAction\":[{\"@type\":\"SearchAction\",\"target\":{\"@type\":\"EntryPoint\",\"urlTemplate\":\"https:\/\/inmoovs.com\/es\/?s={search_term_string}\"},\"query-input\":{\"@type\":\"PropertyValueSpecification\",\"valueRequired\":true,\"valueName\":\"search_term_string\"}}],\"inLanguage\":\"es\"},{\"@type\":\"Organization\",\"@id\":\"https:\/\/inmoovs.com\/es\/#organization\",\"name\":\"Inmoovs\",\"url\":\"https:\/\/inmoovs.com\/es\/\",\"logo\":{\"@type\":\"ImageObject\",\"inLanguage\":\"es\",\"@id\":\"https:\/\/inmoovs.com\/es\/#\/schema\/logo\/image\/\",\"url\":\"https:\/\/inmoovs.com\/wp-content\/uploads\/2022\/08\/logo-footer.svg\",\"contentUrl\":\"https:\/\/inmoovs.com\/wp-content\/uploads\/2022\/08\/logo-footer.svg\",\"width\":162,\"height\":109,\"caption\":\"Inmoovs\"},\"image\":{\"@id\":\"https:\/\/inmoovs.com\/es\/#\/schema\/logo\/image\/\"},\"sameAs\":[\"https:\/\/www.facebook.com\/inmoovs\",\"https:\/\/www.instagram.com\/inmoovs\/\"]}]}<\/script>\n<!-- \/ Yoast SEO plugin. -->","yoast_head_json":{"title":"Aviso legal | Inmoovs","robots":{"index":"noindex","follow":"nofollow"},"og_locale":"es_ES","og_type":"article","og_title":"Aviso legal | Inmoovs","og_description":"Aviso legal En acuerdo con el art\u00edculo 10 de la Ley 34\/2002, del 11 de julio, de Servicios de la Sociedad de la Informaci\u00f3n y Comercio electr\u00f3nico, informamos que esta p\u00e1gina web y el dominio avinent.com pertenecen a: AVINENT INSOLES, S.L.U. Carretera de Navarcles, 107, Pol. Ind. Santa Anna I. 08251 Santpedor (Barcelona). +34 902 [&hellip;]","og_url":"https:\/\/inmoovs.com\/es\/aviso-legal\/","og_site_name":"Inmoovs","article_publisher":"https:\/\/www.facebook.com\/inmoovs","article_modified_time":"2025-11-03T10:53:58+00:00","og_image":[{"width":1440,"height":586,"url":"https:\/\/inmoovs.com\/wp-content\/uploads\/2022\/10\/centre-v2.jpg","type":"image\/jpeg"}],"twitter_card":"summary_large_image","twitter_misc":{"Tiempo de lectura":"5 minutos"},"schema":{"@context":"https:\/\/schema.org","@graph":[{"@type":"WebPage","@id":"https:\/\/inmoovs.com\/es\/aviso-legal\/","url":"https:\/\/inmoovs.com\/es\/aviso-legal\/","name":"Aviso legal | Inmoovs","isPartOf":{"@id":"https:\/\/inmoovs.com\/es\/#website"},"datePublished":"2025-11-03T10:49:55+00:00","dateModified":"2025-11-03T10:53:58+00:00","breadcrumb":{"@id":"https:\/\/inmoovs.com\/es\/aviso-legal\/#breadcrumb"},"inLanguage":"es","potentialAction":[{"@type":"ReadAction","target":["https:\/\/inmoovs.com\/es\/aviso-legal\/"]}]},{"@type":"BreadcrumbList","@id":"https:\/\/inmoovs.com\/es\/aviso-legal\/#breadcrumb","itemListElement":[{"@type":"ListItem","position":1,"name":"Blog","item":"https:\/\/inmoovs.com\/es\/"},{"@type":"ListItem","position":2,"name":"Aviso legal"}]},{"@type":"WebSite","@id":"https:\/\/inmoovs.com\/es\/#website","url":"https:\/\/inmoovs.com\/es\/","name":"Inmoovs","description":"","publisher":{"@id":"https:\/\/inmoovs.com\/es\/#organization"},"potentialAction":[{"@type":"SearchAction","target":{"@type":"EntryPoint","urlTemplate":"https:\/\/inmoovs.com\/es\/?s={search_term_string}"},"query-input":{"@type":"PropertyValueSpecification","valueRequired":true,"valueName":"search_term_string"}}],"inLanguage":"es"},{"@type":"Organization","@id":"https:\/\/inmoovs.com\/es\/#organization","name":"Inmoovs","url":"https:\/\/inmoovs.com\/es\/","logo":{"@type":"ImageObject","inLanguage":"es","@id":"https:\/\/inmoovs.com\/es\/#\/schema\/logo\/image\/","url":"https:\/\/inmoovs.com\/wp-content\/uploads\/2022\/08\/logo-footer.svg","contentUrl":"https:\/\/inmoovs.com\/wp-content\/uploads\/2022\/08\/logo-footer.svg","width":162,"height":109,"caption":"Inmoovs"},"image":{"@id":"https:\/\/inmoovs.com\/es\/#\/schema\/logo\/image\/"},"sameAs":["https:\/\/www.facebook.com\/inmoovs","https:\/\/www.instagram.com\/inmoovs\/"]}]}},"_links":{"self":[{"href":"https:\/\/inmoovs.com\/es\/wp-json\/wp\/v2\/pages\/11881","targetHints":{"allow":["GET"]}}],"collection":[{"href":"https:\/\/inmoovs.com\/es\/wp-json\/wp\/v2\/pages"}],"about":[{"href":"https:\/\/inmoovs.com\/es\/wp-json\/wp\/v2\/types\/page"}],"author":[{"embeddable":true,"href":"https:\/\/inmoovs.com\/es\/wp-json\/wp\/v2\/users\/2"}],"replies":[{"embeddable":true,"href":"https:\/\/inmoovs.com\/es\/wp-json\/wp\/v2\/comments?post=11881"}],"version-history":[{"count":1,"href":"https:\/\/inmoovs.com\/es\/wp-json\/wp\/v2\/pages\/11881\/revisions"}],"predecessor-version":[{"id":11882,"href":"https:\/\/inmoovs.com\/es\/wp-json\/wp\/v2\/pages\/11881\/revisions\/11882"}],"wp:attachment":[{"href":"https:\/\/inmoovs.com\/es\/wp-json\/wp\/v2\/media?parent=11881"}],"curies":[{"name":"wp","href":"https:\/\/api.w.org\/{rel}","templated":true}]}}